{"id":6877,"date":"2023-03-14T15:06:38","date_gmt":"2023-03-14T14:06:38","guid":{"rendered":"https:\/\/www.refrigera.show\/redox-flow-batteries-2023\/"},"modified":"2023-03-14T15:06:38","modified_gmt":"2023-03-14T14:06:38","slug":"redox-flow-batteries-2023","status":"publish","type":"page","link":"https:\/\/refrigera.show\/en\/redox-flow-batteries-2023\/","title":{"rendered":"REDOX FLOW BATTERIES 2023"},"content":{"rendered":"\t\t<div data-elementor-type=\"wp-page\" data-elementor-id=\"6877\" class=\"elementor elementor-6877 elementor-3615\">\n\t\t\t\t\t\t<section class=\"elementor-section elementor-top-section elementor-element elementor-element-7c3f80e elementor-section-boxed elementor-section-height-default elementor-section-height-default\" data-id=\"7c3f80e\" data-element_type=\"section\" data-e-type=\"section\">\n\t\t\t\t\t\t<div class=\"elementor-container elementor-column-gap-default\">\n\t\t\t\t\t<div class=\"elementor-column elementor-col-100 elementor-top-column elementor-element elementor-element-bdd8ca8\" data-id=\"bdd8ca8\" data-element_type=\"column\" data-e-type=\"column\">\n\t\t\t<div class=\"elementor-widget-wrap elementor-element-populated\">\n\t\t\t\t\t\t<div class=\"elementor-element elementor-element-50b4d73 elementor-widget elementor-widget-heading\" data-id=\"50b4d73\" data-element_type=\"widget\" data-e-type=\"widget\" data-widget_type=\"heading.default\">\n\t\t\t\t<div class=\"elementor-widget-container\">\n\t\t\t\t\t<h2 class=\"elementor-heading-title elementor-size-default\">REDOX FLOW BATTERIES 2023<\/h2>\t\t\t\t<\/div>\n\t\t\t\t<\/div>\n\t\t\t\t\t<\/div>\n\t\t<\/div>\n\t\t\t\t\t<\/div>\n\t\t<\/section>\n\t\t\t\t<section class=\"elementor-section elementor-top-section elementor-element elementor-element-b5d3492 elementor-section-boxed elementor-section-height-default elementor-section-height-default\" data-id=\"b5d3492\" data-element_type=\"section\" data-e-type=\"section\">\n\t\t\t\t\t\t<div class=\"elementor-container elementor-column-gap-default\">\n\t\t\t\t\t<div class=\"elementor-column elementor-col-100 elementor-top-column elementor-element elementor-element-0e8b145\" data-id=\"0e8b145\" data-element_type=\"column\" data-e-type=\"column\">\n\t\t\t<div class=\"elementor-widget-wrap elementor-element-populated\">\n\t\t\t\t\t\t<div class=\"elementor-element elementor-element-23f3111 elementor-widget elementor-widget-heading\" data-id=\"23f3111\" data-element_type=\"widget\" data-e-type=\"widget\" data-widget_type=\"heading.default\">\n\t\t\t\t<div class=\"elementor-widget-container\">\n\t\t\t\t\t<h2 class=\"elementor-heading-title elementor-size-default\">GRANDE NOVITA':<br>l'INDUSTRIA DELLE BATTERIE DI FLUSSO<br> a ZeroEmission Mediterranean 2023!  <\/h2>\t\t\t\t<\/div>\n\t\t\t\t<\/div>\n\t\t\t\t\t<\/div>\n\t\t<\/div>\n\t\t\t\t\t<\/div>\n\t\t<\/section>\n\t\t\t\t<section class=\"elementor-section elementor-top-section elementor-element elementor-element-9efba9f elementor-section-boxed elementor-section-height-default elementor-section-height-default\" data-id=\"9efba9f\" data-element_type=\"section\" data-e-type=\"section\">\n\t\t\t\t\t\t<div class=\"elementor-container elementor-column-gap-default\">\n\t\t\t\t\t<div class=\"elementor-column elementor-col-100 elementor-top-column elementor-element elementor-element-ab57333\" data-id=\"ab57333\" data-element_type=\"column\" data-e-type=\"column\">\n\t\t\t<div class=\"elementor-widget-wrap elementor-element-populated\">\n\t\t\t\t\t\t<div class=\"elementor-element elementor-element-ecfa0fd elementor-widget elementor-widget-heading\" data-id=\"ecfa0fd\" data-element_type=\"widget\" data-e-type=\"widget\" data-widget_type=\"heading.default\">\n\t\t\t\t<div class=\"elementor-widget-container\">\n\t\t\t\t\t<h2 class=\"elementor-heading-title elementor-size-default\">Per la prima volta in Italia e nel Sud Europa gli operatori internazionali delle batterie e dei sistemi di accumulo elettrico potranno incontrare - in un evento esclusivamente dedicato - la filiera completa dell'industria delle batterie di flusso (redox flow batteries),<br>la promettente soluzione di storage di energia elettrica per applicazioni stazionarie! <\/h2>\t\t\t\t<\/div>\n\t\t\t\t<\/div>\n\t\t\t\t<section class=\"elementor-section elementor-inner-section elementor-element elementor-element-12f43aa elementor-section-boxed elementor-section-height-default elementor-section-height-default\" data-id=\"12f43aa\" data-element_type=\"section\" data-e-type=\"section\">\n\t\t\t\t\t\t<div class=\"elementor-container elementor-column-gap-default\">\n\t\t\t\t\t<div class=\"elementor-column elementor-col-100 elementor-inner-column elementor-element elementor-element-0855a13\" data-id=\"0855a13\" data-element_type=\"column\" data-e-type=\"column\">\n\t\t\t<div class=\"elementor-widget-wrap elementor-element-populated\">\n\t\t\t\t\t\t<div class=\"elementor-element elementor-element-b9323c3 elementor-widget elementor-widget-text-editor\" data-id=\"b9323c3\" data-element_type=\"widget\" data-e-type=\"widget\" data-widget_type=\"text-editor.default\">\n\t\t\t\t<div class=\"elementor-widget-container\">\n\t\t\t\t\t\t\t\t\t<div style=\"text-align: center;\"><img decoding=\"async\" class=\"aligncenter wp-image-3638 size-full\" src=\"https:\/\/www.zeroemission.show\/wp-content\/uploads\/2023\/03\/Redox-Flow-Battery2.jpg\" alt=\"\" width=\"700\" srcset=\"https:\/\/refrigera.show\/wp-content\/uploads\/2023\/03\/Redox-Flow-Battery2.jpg 1200w, https:\/\/refrigera.show\/wp-content\/uploads\/2023\/03\/Redox-Flow-Battery2-300x184.jpg 300w, https:\/\/refrigera.show\/wp-content\/uploads\/2023\/03\/Redox-Flow-Battery2-1024x628.jpg 1024w, https:\/\/refrigera.show\/wp-content\/uploads\/2023\/03\/Redox-Flow-Battery2-768x471.jpg 768w\" sizes=\"(max-width:767px) 480px, (max-width:1200px) 100vw, 1200px\" \/><\/div>\n<p style=\"text-align: center;\"><b>NON TUTTI ANCORA LE CONOSCONO:\n<\/b><b> CHE COSA SONO LE REDOX FLOW BATTERIES?<\/b><\/p>\nUna\u00a0<b>batteria di flusso (flow battery o redox flow battery)<\/b> \u00e8 un tipo di batteria ricaricabile in cui elettroliti &#8211; cio\u00e8 fluidi elettricamente conduttivi contenenti ioni di una o pi\u00f9 sostanze elettroattive disciolte, per esempio il <strong>vanadio<\/strong> &#8211; fluiscono attraverso una cella elettrochimica che converte l&#8217;energia chimica direttamente in energia elettrica (in un processo di riduzione-ossidazione, da cui il termine <strong>redox<\/strong>) attraverso i lati separati di una membrana a scambio protonico (<strong>stack<\/strong>).\nGli elettroliti sono stoccati generalmente in vasche, e vengono pompati attraverso la cella (o le celle) del reattore verso la membrana a scambio protonico. Il trasferimento di ioni all&#8217;interno della cella, (accompagnato dal flusso di corrente elettrica verso un circuito esterno) avviene attraverso la membrana, mentre entrambi i fluidi circolano nel proprio, rispettivo spazio.\n\n<img fetchpriority=\"high\" decoding=\"async\" class=\"size-medium wp-image-3636 alignleft\" src=\"https:\/\/www.zeroemission.show\/wp-content\/uploads\/2023\/03\/Redox-Flow-Battery-300x210.jpg\" alt=\"\" width=\"300\" height=\"210\" srcset=\"https:\/\/refrigera.show\/wp-content\/uploads\/2023\/03\/Redox-Flow-Battery-300x210.jpg 300w, https:\/\/refrigera.show\/wp-content\/uploads\/2023\/03\/Redox-Flow-Battery.jpg 700w\" sizes=\"(max-width:767px) 300px, 300px\" \/>\n\nSi pu\u00f2 definire la batteria di flusso come un tipo speciale di <strong>batteria ricaricabile<\/strong> in cui la dissoluzione di fluidi elettroattivi nell&#8217;elettrolito e lo stoccaggio esterno dei reagenti permettono l&#8217;impostazione dei parametri elettrici. Inoltre essendo i reagenti stoccati all&#8217;esterno si evitano fenomeni di autoscarica, che sono invece presenti nei sistemi di batterie di primo o secondo grado.\n\nEsistono varie classi di batterie di flusso tra cui le <b>redox\u00a0(ossidoriduzione)<\/b>, in cui tutti i componenti elettroattivi vengono disciolti nell&#8217;elettrolito. Se invece uno o pi\u00f9 componenti elettroattivi \u00e8 depositato in uno strato solido, il sistema prende il nome di <strong>b<\/strong><b>atteria di flusso ibrida<\/b>. La principale differenza tra questi due tipi di batterie di flusso \u00e8 che l&#8217;energia della batteria di flusso redox pu\u00f2 essere determinata ed \u00e8 pienamente indipendente dalla potenza della batteria, perch\u00e9 l&#8217;energia prodotta \u00e8 proporzionale alla capacit\u00e0 dei serbatoi e alla dimensione del reattore. Il tempo di scarica della batteria a flusso redox pu\u00f2 essere variato, a seconda della richiesta, da diversi minuti a molti giorni, mentre una batteria a flusso ibrida tipicamente pu\u00f2 durare da pochi minuti a poche ore.\n<p style=\"text-align: center;\"><strong>VANTAGGI E SVANTAGGI DELLE BATTERIE DI FLUSSO<\/strong><\/p>\nI vantaggi principali delle batterie redox sono che si pu\u00f2 ottenere una <strong>capacit\u00e0 pressoch\u00e9 illimitata (anche centinaia di MW)<\/strong> semplicemente usando serbatoi grandi a piacere e mettendole in parallelo, si possono lasciare <strong>completamente scariche<\/strong> per lunghi periodi senza effetti avversi, si possono <strong>ricaricare semplicemente sostituendo l&#8217;elettrolita<\/strong> se non \u00e8 disponibile altra fonte di energia per ricaricarla, <strong>non si incendiano<\/strong>\u00a0e non c&#8217;\u00e8 <strong>nessun danno permanente<\/strong> se i due elettroliti sono accidentalmente mescolati.\n\nGli &#8220;svantaggi&#8221; principali di questa tecnologia sono un <strong>rapporto energia\/volume relativamente basso<\/strong>, e un sistema di <strong>complessit\u00e0 maggiore <\/strong>rispetto ai classici accumulatori.\n\n<hr \/>\n<p style=\"text-align: center;\"><span style=\"color: #ff0000;\"><b>APPUNTAMENTO A REDOX FLOW BATTERIES 2023<\/b><\/span><\/p>\nA<b> REDOX FLOW BATTERIES 2023<\/b>, dal 10 al 12 ottobre a Fiera di Roma, in concomitanza con <strong>ZEROEMISSION MEDITERRANEAN<\/strong>, i maggiori specialisti del settore &#8211; e gli operatori interessati a entrare in questa promettente industria &#8211; si incontreranno nel primo evento in Italia interamente dedicato al settore e alla filiera tecnologica e produttiva in tutte le sue applicazioni: <strong>residenziale, commerciale, industriale, utility scale, per l&#8217;autoconsumo, di lunga durata (long-duration storage) per la flessibilit\u00e0\/bilanciamento del sistema elettrico, ecc<\/strong>.\n\n<b>REDOX FLOW BATTERIES 2023<\/b><b>\u00a0<\/b>sar\u00e0 quindi una grandissima occasione di incontro e confronto a livello mondiale, l\u2019evento di riferimento per il Sud Europa e per tutto il bacino del Mediterraneo: un\u2019occasione unica per tutte le aziende e i professionisti del settore per conoscere questa nuova tecnologia di stoccaggio dell&#8217;elettricit\u00e0, essere informati e aggiornati sulle ultime tendenze del mercato, fare business e networking.\n\nGrazie alla loro sinergia, <b>ZEROEMISSION MEDITERRANEAN,<\/b>\u00a0<b>EOLICA MEDITERRANEAN<\/b> e <b>REDOX FLOW BATTERIES 2023 <\/b>rappresentano quindi eventi business di riferimento da non mancare per tutta l&#8217;industria elettrica a zero emissioni.\n\n<a href=\"mailto:raffaella.piacentini@a151.eu\"><span style=\"text-decoration: underline;\"><span style=\"color: #0000ff;\"><strong>Richiedi ulteriori informazioni<\/strong><\/span><\/span><\/a>\t\t\t\t\t\t\t\t<\/div>\n\t\t\t\t<\/div>\n\t\t\t\t\t<\/div>\n\t\t<\/div>\n\t\t\t\t\t<\/div>\n\t\t<\/section>\n\t\t\t\t\t<\/div>\n\t\t<\/div>\n\t\t\t\t\t<\/div>\n\t\t<\/section>\n\t\t\t\t<\/div>\n\t\t","protected":false},"excerpt":{"rendered":"<p>REDOX FLOW BATTERIES 2023 GRANDE NOVITA&#8217;:l&#8217;INDUSTRIA DELLE BATTERIE DI FLUSSO a ZeroEmission Mediterranean 2023! Per la prima volta in Italia e nel Sud Europa gli operatori<span class=\"excerpt-hellip\"> [\u2026]<\/span><\/p>\n","protected":false},"author":2,"featured_media":0,"parent":0,"menu_order":0,"comment_status":"closed","ping_status":"closed","template":"","meta":{"footnotes":""},"class_list":["post-6877","page","type-page","status-publish","hentry"],"yoast_head":"<!-- This site is optimized with the Yoast SEO plugin v27.4 - https:\/\/yoast.com\/product\/yoast-seo-wordpress\/ -->\n<title>REDOX FLOW BATTERIES 2023 - REFRIGERA 2027<\/title>\n<meta name=\"robots\" content=\"index, follow, max-snippet:-1, max-image-preview:large, max-video-preview:-1\" \/>\n<link rel=\"canonical\" href=\"https:\/\/refrigera.show\/redox-flow-batteries-2023\/\" \/>\n<meta property=\"og:locale\" content=\"en_US\" \/>\n<meta property=\"og:type\" content=\"article\" \/>\n<meta property=\"og:title\" content=\"REDOX FLOW BATTERIES 2023 - REFRIGERA 2027\" \/>\n<meta property=\"og:description\" content=\"REDOX FLOW BATTERIES 2023 GRANDE NOVITA&#8217;:l&#8217;INDUSTRIA DELLE BATTERIE DI FLUSSO a ZeroEmission Mediterranean 2023! Per la prima volta in Italia e nel Sud Europa gli operatori [\u2026]\" \/>\n<meta property=\"og:url\" content=\"https:\/\/refrigera.show\/redox-flow-batteries-2023\/\" \/>\n<meta property=\"og:site_name\" content=\"REFRIGERA 2027\" \/>\n<meta property=\"og:image\" content=\"https:\/\/www.zeroemission.show\/wp-content\/uploads\/2023\/03\/Redox-Flow-Battery2.jpg\" \/>\n<meta name=\"twitter:card\" content=\"summary_large_image\" \/>\n<meta name=\"twitter:label1\" content=\"Est. reading time\" \/>\n\t<meta name=\"twitter:data1\" content=\"3 minutes\" \/>\n<script type=\"application\/ld+json\" class=\"yoast-schema-graph\">{\"@context\":\"https:\\\/\\\/schema.org\",\"@graph\":[{\"@type\":\"WebPage\",\"@id\":\"https:\\\/\\\/refrigera.show\\\/redox-flow-batteries-2023\\\/\",\"url\":\"https:\\\/\\\/refrigera.show\\\/redox-flow-batteries-2023\\\/\",\"name\":\"REDOX FLOW BATTERIES 2023 - REFRIGERA 2027\",\"isPartOf\":{\"@id\":\"https:\\\/\\\/refrigera.show\\\/#website\"},\"primaryImageOfPage\":{\"@id\":\"https:\\\/\\\/refrigera.show\\\/redox-flow-batteries-2023\\\/#primaryimage\"},\"image\":{\"@id\":\"https:\\\/\\\/refrigera.show\\\/redox-flow-batteries-2023\\\/#primaryimage\"},\"thumbnailUrl\":\"https:\\\/\\\/www.zeroemission.show\\\/wp-content\\\/uploads\\\/2023\\\/03\\\/Redox-Flow-Battery2.jpg\",\"datePublished\":\"2023-03-14T14:06:38+00:00\",\"breadcrumb\":{\"@id\":\"https:\\\/\\\/refrigera.show\\\/redox-flow-batteries-2023\\\/#breadcrumb\"},\"inLanguage\":\"en-US\",\"potentialAction\":[{\"@type\":\"ReadAction\",\"target\":[\"https:\\\/\\\/refrigera.show\\\/redox-flow-batteries-2023\\\/\"]}]},{\"@type\":\"ImageObject\",\"inLanguage\":\"en-US\",\"@id\":\"https:\\\/\\\/refrigera.show\\\/redox-flow-batteries-2023\\\/#primaryimage\",\"url\":\"https:\\\/\\\/www.zeroemission.show\\\/wp-content\\\/uploads\\\/2023\\\/03\\\/Redox-Flow-Battery2.jpg\",\"contentUrl\":\"https:\\\/\\\/www.zeroemission.show\\\/wp-content\\\/uploads\\\/2023\\\/03\\\/Redox-Flow-Battery2.jpg\"},{\"@type\":\"BreadcrumbList\",\"@id\":\"https:\\\/\\\/refrigera.show\\\/redox-flow-batteries-2023\\\/#breadcrumb\",\"itemListElement\":[{\"@type\":\"ListItem\",\"position\":1,\"name\":\"Home\",\"item\":\"https:\\\/\\\/refrigera.show\\\/\"},{\"@type\":\"ListItem\",\"position\":2,\"name\":\"REDOX FLOW BATTERIES 2023\"}]},{\"@type\":\"WebSite\",\"@id\":\"https:\\\/\\\/refrigera.show\\\/#website\",\"url\":\"https:\\\/\\\/refrigera.show\\\/\",\"name\":\"REFRIGERA 2027\",\"description\":\"INTERNATIONAL EXHIBITION &amp; CONFERENCE ON REFRIGERATION INDUSTRY &amp; FROZEN FOOD TECHNOLOGY\",\"publisher\":{\"@id\":\"https:\\\/\\\/refrigera.show\\\/#organization\"},\"potentialAction\":[{\"@type\":\"SearchAction\",\"target\":{\"@type\":\"EntryPoint\",\"urlTemplate\":\"https:\\\/\\\/refrigera.show\\\/?s={search_term_string}\"},\"query-input\":{\"@type\":\"PropertyValueSpecification\",\"valueRequired\":true,\"valueName\":\"search_term_string\"}}],\"inLanguage\":\"en-US\"},{\"@type\":\"Organization\",\"@id\":\"https:\\\/\\\/refrigera.show\\\/#organization\",\"name\":\"REFRIGERA 2027\",\"url\":\"https:\\\/\\\/refrigera.show\\\/\",\"logo\":{\"@type\":\"ImageObject\",\"inLanguage\":\"en-US\",\"@id\":\"https:\\\/\\\/refrigera.show\\\/#\\\/schema\\\/logo\\\/image\\\/\",\"url\":\"https:\\\/\\\/refrigera.show\\\/wp-content\\\/uploads\\\/2026\\\/02\\\/cropped-2027_REFRIGERA_logo.png\",\"contentUrl\":\"https:\\\/\\\/refrigera.show\\\/wp-content\\\/uploads\\\/2026\\\/02\\\/cropped-2027_REFRIGERA_logo.png\",\"width\":2000,\"height\":411,\"caption\":\"REFRIGERA 2027\"},\"image\":{\"@id\":\"https:\\\/\\\/refrigera.show\\\/#\\\/schema\\\/logo\\\/image\\\/\"},\"sameAs\":[\"https:\\\/\\\/www.linkedin.com\\\/company\\\/eolica-mediterranean\\\/\"]}]}<\/script>\n<!-- \/ Yoast SEO plugin. -->","yoast_head_json":{"title":"REDOX FLOW BATTERIES 2023 - REFRIGERA 2027","robots":{"index":"index","follow":"follow","max-snippet":"max-snippet:-1","max-image-preview":"max-image-preview:large","max-video-preview":"max-video-preview:-1"},"canonical":"https:\/\/refrigera.show\/redox-flow-batteries-2023\/","og_locale":"en_US","og_type":"article","og_title":"REDOX FLOW BATTERIES 2023 - REFRIGERA 2027","og_description":"REDOX FLOW BATTERIES 2023 GRANDE NOVITA&#8217;:l&#8217;INDUSTRIA DELLE BATTERIE DI FLUSSO a ZeroEmission Mediterranean 2023! Per la prima volta in Italia e nel Sud Europa gli operatori [\u2026]","og_url":"https:\/\/refrigera.show\/redox-flow-batteries-2023\/","og_site_name":"REFRIGERA 2027","og_image":[{"url":"https:\/\/www.zeroemission.show\/wp-content\/uploads\/2023\/03\/Redox-Flow-Battery2.jpg","type":"","width":"","height":""}],"twitter_card":"summary_large_image","twitter_misc":{"Est. reading time":"3 minutes"},"schema":{"@context":"https:\/\/schema.org","@graph":[{"@type":"WebPage","@id":"https:\/\/refrigera.show\/redox-flow-batteries-2023\/","url":"https:\/\/refrigera.show\/redox-flow-batteries-2023\/","name":"REDOX FLOW BATTERIES 2023 - REFRIGERA 2027","isPartOf":{"@id":"https:\/\/refrigera.show\/#website"},"primaryImageOfPage":{"@id":"https:\/\/refrigera.show\/redox-flow-batteries-2023\/#primaryimage"},"image":{"@id":"https:\/\/refrigera.show\/redox-flow-batteries-2023\/#primaryimage"},"thumbnailUrl":"https:\/\/www.zeroemission.show\/wp-content\/uploads\/2023\/03\/Redox-Flow-Battery2.jpg","datePublished":"2023-03-14T14:06:38+00:00","breadcrumb":{"@id":"https:\/\/refrigera.show\/redox-flow-batteries-2023\/#breadcrumb"},"inLanguage":"en-US","potentialAction":[{"@type":"ReadAction","target":["https:\/\/refrigera.show\/redox-flow-batteries-2023\/"]}]},{"@type":"ImageObject","inLanguage":"en-US","@id":"https:\/\/refrigera.show\/redox-flow-batteries-2023\/#primaryimage","url":"https:\/\/www.zeroemission.show\/wp-content\/uploads\/2023\/03\/Redox-Flow-Battery2.jpg","contentUrl":"https:\/\/www.zeroemission.show\/wp-content\/uploads\/2023\/03\/Redox-Flow-Battery2.jpg"},{"@type":"BreadcrumbList","@id":"https:\/\/refrigera.show\/redox-flow-batteries-2023\/#breadcrumb","itemListElement":[{"@type":"ListItem","position":1,"name":"Home","item":"https:\/\/refrigera.show\/"},{"@type":"ListItem","position":2,"name":"REDOX FLOW BATTERIES 2023"}]},{"@type":"WebSite","@id":"https:\/\/refrigera.show\/#website","url":"https:\/\/refrigera.show\/","name":"REFRIGERA 2027","description":"INTERNATIONAL EXHIBITION &amp; CONFERENCE ON REFRIGERATION INDUSTRY &amp; FROZEN FOOD TECHNOLOGY","publisher":{"@id":"https:\/\/refrigera.show\/#organization"},"potentialAction":[{"@type":"SearchAction","target":{"@type":"EntryPoint","urlTemplate":"https:\/\/refrigera.show\/?s={search_term_string}"},"query-input":{"@type":"PropertyValueSpecification","valueRequired":true,"valueName":"search_term_string"}}],"inLanguage":"en-US"},{"@type":"Organization","@id":"https:\/\/refrigera.show\/#organization","name":"REFRIGERA 2027","url":"https:\/\/refrigera.show\/","logo":{"@type":"ImageObject","inLanguage":"en-US","@id":"https:\/\/refrigera.show\/#\/schema\/logo\/image\/","url":"https:\/\/refrigera.show\/wp-content\/uploads\/2026\/02\/cropped-2027_REFRIGERA_logo.png","contentUrl":"https:\/\/refrigera.show\/wp-content\/uploads\/2026\/02\/cropped-2027_REFRIGERA_logo.png","width":2000,"height":411,"caption":"REFRIGERA 2027"},"image":{"@id":"https:\/\/refrigera.show\/#\/schema\/logo\/image\/"},"sameAs":["https:\/\/www.linkedin.com\/company\/eolica-mediterranean\/"]}]}},"_links":{"self":[{"href":"https:\/\/refrigera.show\/en\/wp-json\/wp\/v2\/pages\/6877","targetHints":{"allow":["GET"]}}],"collection":[{"href":"https:\/\/refrigera.show\/en\/wp-json\/wp\/v2\/pages"}],"about":[{"href":"https:\/\/refrigera.show\/en\/wp-json\/wp\/v2\/types\/page"}],"author":[{"embeddable":true,"href":"https:\/\/refrigera.show\/en\/wp-json\/wp\/v2\/users\/2"}],"replies":[{"embeddable":true,"href":"https:\/\/refrigera.show\/en\/wp-json\/wp\/v2\/comments?post=6877"}],"version-history":[{"count":0,"href":"https:\/\/refrigera.show\/en\/wp-json\/wp\/v2\/pages\/6877\/revisions"}],"wp:attachment":[{"href":"https:\/\/refrigera.show\/en\/wp-json\/wp\/v2\/media?parent=6877"}],"curies":[{"name":"wp","href":"https:\/\/api.w.org\/{rel}","templated":true}]}}